{"id":401,"date":"2023-01-11T23:54:17","date_gmt":"2023-01-11T23:54:17","guid":{"rendered":"https:\/\/komischeoperamrhein.de\/?page_id=401"},"modified":"2023-01-14T11:01:24","modified_gmt":"2023-01-14T11:01:24","slug":"datenschutzerklarung","status":"publish","type":"page","link":"https:\/\/komischeoperamrhein.de\/en\/datenschutzerklarung\/","title":{"rendered":"Datenschutzerkl\u00e4rung"},"content":{"rendered":"<div data-elementor-type=\"wp-page\" data-elementor-id=\"401\" class=\"elementor elementor-401\" data-elementor-post-type=\"page\">\n\t\t\t\t\t\t<section class=\"elementor-section elementor-top-section elementor-element elementor-element-265a4e82 elementor-section-boxed elementor-section-height-default elementor-section-height-default\" data-id=\"265a4e82\" data-element_type=\"section\" data-e-type=\"section\" data-settings=\"{&quot;background_background&quot;:&quot;classic&quot;}\">\n\t\t\t\t\t\t<div class=\"elementor-container elementor-column-gap-default\">\n\t\t\t\t\t<div class=\"elementor-column elementor-col-100 elementor-top-column elementor-element elementor-element-15cdb69f stretch-to-none\" data-id=\"15cdb69f\" data-element_type=\"column\" data-e-type=\"column\">\n\t\t\t<div class=\"elementor-widget-wrap elementor-element-populated\">\n\t\t\t\t\t\t<div class=\"elementor-element elementor-element-1bd8ea8f elementor-widget-divider--view-line elementor-widget elementor-widget-divider\" data-id=\"1bd8ea8f\" data-element_type=\"widget\" data-e-type=\"widget\" data-widget_type=\"divider.default\">\n\t\t\t\t<div class=\"elementor-widget-container\">\n\t\t\t\t\t\t\t<div class=\"elementor-divider\">\n\t\t\t<span class=\"elementor-divider-separator\">\n\t\t\t\t\t\t<\/span>\n\t\t<\/div>\n\t\t\t\t\t\t<\/div>\n\t\t\t\t<\/div>\n\t\t\t\t<div class=\"title-with-icon elementor-element elementor-element-1ea2922 animated-slow elementor-invisible elementor-widget elementor-widget-heading\" data-id=\"1ea2922\" data-element_type=\"widget\" data-e-type=\"widget\" data-settings=\"{&quot;_animation&quot;:&quot;fadeIn&quot;}\" data-widget_type=\"heading.default\">\n\t\t\t\t<div class=\"elementor-widget-container\">\n\t\t\t\t\t<h1 class=\"elementor-heading-title elementor-size-default elementor-heading-title elementor-align-after-center\">Datenschutzerkl\u00e4rung<\/h1>\t\t\t\t<\/div>\n\t\t\t\t<\/div>\n\t\t\t\t\t<\/div>\n\t\t<\/div>\n\t\t\t\t\t<\/div>\n\t\t<\/section>\n\t\t\t\t<section class=\"elementor-section elementor-top-section elementor-element elementor-element-6ca618d4 elementor-section-boxed elementor-section-height-default elementor-section-height-default\" data-id=\"6ca618d4\" data-element_type=\"section\" data-e-type=\"section\">\n\t\t\t\t\t\t<div class=\"elementor-container elementor-column-gap-default\">\n\t\t\t\t\t<div class=\"elementor-column elementor-col-100 elementor-top-column elementor-element elementor-element-38f59f7e stretch-to-none\" data-id=\"38f59f7e\" data-element_type=\"column\" data-e-type=\"column\">\n\t\t\t<div class=\"elementor-widget-wrap elementor-element-populated\">\n\t\t\t\t\t\t<div class=\"elementor-element elementor-element-2f45e923 elementor-widget elementor-widget-text-editor\" data-id=\"2f45e923\" data-element_type=\"widget\" data-e-type=\"widget\" data-widget_type=\"text-editor.default\">\n\t\t\t\t<div class=\"elementor-widget-container\">\n\t\t\t\t\t\t\t\t\t<p>Wir nehmen den Schutz Ihrer personenbezogenen Daten sehr ernst. Mit diesen Datenschutzbestimmungen informieren wir Sie \u00fcber den Umgang mit Ihren personenbezogenen Daten.<\/p><p><strong>Anwendungsbereich<\/strong><br \/>Diese Datenschutzerkl\u00e4rung gilt nur f\u00fcr die Nutzung der Webseite www.komischeoperamrhein.de, nachfolgend \u201eWebseite\u201c. Besuchen Sie eine andere Webseite, gelten die Datenschutzbestimmungen des jeweiligen Webseitenbetreibers. Dies gilt auch dann, wenn wir durch einen Link auf die Webseite Dritter verweisen. Wir empfehlen Ihnen, sich dann auf der verlinkten Webseite \u00fcber den Umgang mit personenbezogenen Daten zu informieren.<\/p><p><strong>Personenbezogene Daten<br \/><\/strong>Personenbezogene Daten sind Angaben \u00fcber pers\u00f6nliche oder sachliche Verh\u00e4ltnisse einer bestimmten oder bestimmbaren nat\u00fcrlichen Person. Zu Ihren personenbezogenen Daten geh\u00f6ren s\u00e4mtliche Daten, die eine Identifikation Ihrer Person zulassen: Ihr Name, Ihre Telefonnummer und Ihre E-Mail-Adresse.<\/p><p><b>Erhebung und Speicherung Ihrer Daten<br \/><\/b>Wenn Sie die Webseite besuchen, erhebt und speichert die Komische Oper am Rhein automatisch den Namen und die Version des von Ihnen verwendeten Browsers, das verwendete Betriebssystem, die \u00fcbertragene Datenmenge, die URL der abgerufenen Daten, die Webseite, von welcher der Zugriff erfolgte, sowie Datum und Dauer Ihres Seitenaufrufes. Wenn Sie die Webseiten besuchen, zeichnen die Web-Server weder Ihre vollst\u00e4ndige IP-Adresse noch den Domainnamen des verwendeten Computers auf. Der Server ist so konfiguriert, dass eine automatische Protokollierung dieser Informationen nicht stattfindet.<\/p><p><strong>Zwecke der Datenverarbeitung<br \/><\/strong>Wir ben\u00f6tigen Ihre personenbezogenen Daten f\u00fcr folgende Zwecke:<br \/>Bereitstellung der Webseiten zur Nutzung durch Sie Erhebung statistischer Daten Nutzung, Ver\u00f6ffentlichung und Weitergabe personenbezogener Daten. Wir erheben, verarbeiten und nutzen Ihre Daten nur, soweit dies erforderlich ist, um Ihnen die Nutzung der Webseiten und der dort angebotenen bzw. dar\u00fcber bereitgestellten Services zu erm\u00f6glichen.<\/p><p><strong>Werbung, Newsletter<br \/><\/strong>Die Komische Oper am Rhein nutzt die von Ihnen zur Verf\u00fcgung gestellten Daten auch, um Sie \u00fcber Angebote unser Oper zu informieren. Der Versand von Newslettern per E-Mail sowie der postalische Versand erfolgt nur, solange Sie der Nutzung Ihrer Daten nicht widersprochen haben.<\/p><p>Um den Newsletter empfangen zu k\u00f6nnen, ben\u00f6tigen Sie eine g\u00fcltige E-Mail-Adresse. Die von Ihnen eingetragene E-Mail-Adresse werden wir dahingehend \u00fcberpr\u00fcfen, ob Sie tats\u00e4chlich der Inhaber der angegebenen E-Mail-Adresse sind bzw. deren Inhaber den Empfang des Newsletters autorisiert. Weitere Daten werden wir nicht erheben. Die so erhobenen Daten verwenden wir ausschlie\u00dflich f\u00fcr den Bezug unseres Newsletters. Eine Weitergabe an Dritte erfolgt nicht. Ein Abgleich der so erhobenen Daten mit Daten, die m\u00f6glicherweise durch andere Komponenten unserer Seite erhoben werden, erfolgt ebenfalls nicht.<\/p><p><strong>Nutzung von Google Analytics<br \/><\/strong>Unser Internet-Auftritt nutzt \u00bbGoogle Analytics\u00ab. Dieser Webanalysedienst der Google Inc. verwendet sogenannte \u00bbCookies\u00ab, das sind Textdateien, die auf Ihrem Computer gespeichert werden und uns die Nutzung unserer Website durch Sie zu analysieren erm\u00f6glichen. Der \u00bbCookie\u00ab erzeugt Informationen \u00fcber Ihre Benutzung unserer Website, diese Informationen werden in der Regel an einen Server der Google Inc. in den USA \u00fcbermittelt und dort gespeichert.<\/p><p>Im Falle der Aktivierung der IP-Anonymisierung auf dieser Webseite wird Ihre IP-Adresse seitens der Google Inc. jedoch innerhalb von Mitgliedstaaten der Europ\u00e4ischen Union (EU) oder in anderen Vertragsstaaten des Abkommens \u00fcber den Europ\u00e4ischen Wirtschaftsraum (EWR) zuvor gek\u00fcrzt. In Ausnahmef\u00e4llen wird die volle IP-Adresse erst nach der \u00dcbertragung an einen Server von Google Inc. in den USA dort gek\u00fcrzt. In unserem Auftrag als Betreiber dieser Website wird Google diese Informationen dazu benutzen, Ihre Nutzung der Website auszuwerten und Berichte \u00fcber die Websiteaktivit\u00e4ten zu erstellen, um an uns weitere mit der Websitenutzung und der Internetnutzung verbundene Dienstleistungen zu erbringen. Eine Zusammenf\u00fchrung der im Rahmen von \u00bbGoogle Analytics\u00ab von Ihrem Browser \u00fcbermittelten IP-Adresse mit anderen Daten von Google Inc. erfolgt nicht.<\/p><p>Sie k\u00f6nnen die Speicherung der \u00bbCookies\u00ab verhindern, indem Sie eine entsprechende Einstellung Ihrer Browser-Software vornehmen. Das kann jedoch zur Folge haben, dass Sie unter Umst\u00e4nden nicht s\u00e4mtliche Funktionen dieser Website in vollem Umfang nutzen k\u00f6nnen.<\/p><p>Die Erfassung der durch den \u00bbCookie\u00ab erzeugten und auf Ihre Nutzung der Website bezogenen Daten (auch Ihrer IP-Adresse) bei Google Inc. sowie die Verarbeitung dieser Daten dort k\u00f6nnen Sie des Weiteren verhindern, indem Sie das Browser-Plugin herunterladen und installieren, welches unter dem folgenden Link verf\u00fcgbar ist: tools.google.com\/dlpage\/gaoptout?hl=de<\/p><p><strong>Verwendung von Facebook Social Plugins<br \/><\/strong>Unser Webangebot nutzt so genannte Social Plugins des sozialen Netzwerkes facebook.com (\u00bbFacebook\u00ab). Facebook wird von der Facebook Inc., 1601 S. California Ave, Palo Alto, CA 94304, USA betrieben. Detaillierte Hinweise zu den Funktionen der einzelnen Plugins und deren Erscheinungsbild finden Sie auf der folgenden Website: http:\/\/developers.facebook.com\/docs\/plugins\/<\/p><p>Diejenigen Webseiten unserer Internetpr\u00e4senz, die Facebook Social Plugins enthalten, stellen \u00fcber Ihren Browser eine direkte Verbindung mit den Servern von Facebook her, wenn Sie von Ihnen ge\u00f6ffnet werden. An Facebook wird dadurch die Information \u00fcbermittelt, dass die das Social Plugin enthaltende Seite unseres Internetangebotes von Ihnen aufgerufen wurde.<\/p><p>Soweit Sie zu diesem Zeitpunkt bei Facebook eingeloggt sind, k\u00f6nnen der Besuch unserer Seiten sowie s\u00e4mtliche Ihrer Interaktionen im Zusammenhang mit den Social Plugins (z. B. Klicken des \u00bbLike\u00ab-Buttons, Erstellen eines Kommentars etc.) Ihrem Facebook-Profil zugeordnet und bei Facebook gespeichert werden. Selbst wenn Sie kein Facebook-Profil haben, ist nicht auszuschlie\u00dfen, dass Facebook Ihre IP-Adresse speichert.<\/p><p>Hinsichtlich des Zwecks und Umfangs der Datenerhebung sowie der Verarbeitung und Nutzung der Daten durch Facebook verweisen wir auf die Facebook-Datenschutzrichtlinien: http:\/\/www.facebook.com\/about\/privacy\/ Dort finden Sie au\u00dferdem eine \u00dcbersicht der Einstellungsm\u00f6glichkeiten in ihrem pers\u00f6nlichen Facebook-Profil zum Schutz Ihrer Privatsph\u00e4re und Ihren damit verbundenen Rechten.<\/p><p>Um zu verhindern, dass Facebook die oben genannten Daten durch Ihren Aufenthalt auf unserem Internetangebot sammelt, loggen Sie sich vor Ihrem Besuch unserer Seite bei Facebook aus. Um einen generellen Zugriff von Facebook auf Ihre Daten auf unseren und sonstigen Webseiten zu verhindern, k\u00f6nnen Sie Facebook Social Plugins durch Add-On f\u00fcr Ihren Browser ausschlie\u00dfen.<\/p><p><strong>Nutzung von YouTube-Plugins<br \/><\/strong>Wir nutzen f\u00fcr die Einbindung von Videos u.a. den Anbieter YouTube. YouTube wird betrieben von YouTube LLC mit Hauptgesch\u00e4ftssitz in 901 Cherry Avenue, San Bruno, CA 94066, USA. YouTube wird vertreten durch Google Inc. mit Sitz in 1600 Amphitheatre Parkway, Mountain View, CA 94043, USA.<\/p><p>Auf einigen unserer Internetseiten verwenden wir Plugins des Anbieters YouTube. Wenn Sie die mit einem solchen Plugin versehenen Internetseiten unserer Internetpr\u00e4senz aufrufen \u2013 beispielsweise unsere Mediathek \u2013, wird eine Verbindung zu den YouTube-Servern hergestellt und dabei das Plugin dargestellt. Hierdurch wird an den YouTube-Server \u00fcbermittelt, welche unserer Internetseiten Sie besucht haben. Sind Sie dabei als Mitglied bei YouTube eingeloggt, ordnet YouTube diese Information Ihrem pers\u00f6nlichen Benutzerkonto zu. Bei Nutzung des Plugins wie z.B. Anklicken des Start-Buttons eines Videos wird diese Information ebenfalls Ihrem Benutzerkonto zugeordnet. Sie k\u00f6nnen diese Zuordnung verhindern, indem Sie sich vor der Nutzung unserer Internetseite aus ihrem YouTube-Benutzerkonto sowie anderen Benutzerkonten der Firmen YouTube LLC und Google Inc. abmelden und die entsprechenden Cookies der Firmen l\u00f6schen.<\/p><p>Weitere Informationen zur Datenverarbeitung und Hinweise zum Datenschutz durch YouTube (Google) finden Sie unter www.google.de\/intl\/de\/policies\/privacy\/.<\/p><p><strong>Widerrufsrecht<br \/><\/strong>F\u00fcr den Fall, dass Sie der Komische Oper am Rhein eine Einwilligung zur Erhebung, Verarbeitung oder Nutzung Ihrer Daten erteilen oder erteilt haben, k\u00f6nnen Sie diese Einwilligung jederzeit mit Wirkung f\u00fcr die Zukunft widerrufen. In diesem Fall senden Sie eine E-Mail an info@komischeoperamrhein.de.<\/p><p><b>Auskunftsrecht, L\u00f6schung und Berichtigung<\/b><br \/>Ihnen steht ein unentgeltliches Auskunftsrecht bez\u00fcglich der \u00fcber Sie gespeicherten personenbezogenen Daten und ferner ein Recht auf Berichtigung unrichtiger Daten, Sperrung und L\u00f6schung zu.<\/p><p>Wenn Sie Auskunft \u00fcber Ihre personenbezogenen Daten beziehungsweise deren Korrektur oder L\u00f6schung w\u00fcnschen oder weitergehende Fragen \u00fcber die Verwendung Ihrer der Komische Oper am Rhein \u00fcberlassenen personenbezogenen Daten haben, kontaktieren Sie bitte unseren Datenschutzbeauftragten unter info@komischeoperamrhein.de.<\/p><p>Die Komische Oper am Rhein l\u00f6scht Ihre protokollierten und erhobenen Daten im \u00dcbrigen, sobald und soweit dies gesetzlich vorgeschrieben ist. Falls einer L\u00f6schung gesetzliche oder vertragliche Aufbewahrungsfristen entgegenstehen, werden die Daten nicht gel\u00f6scht, sondern lediglich gesperrt.<\/p><p><strong>G\u00fcltigkeit der Datenschutzerkl\u00e4rung<br \/><\/strong>Die Datenschutzerkl\u00e4rung ist aktuell g\u00fcltig und datiert vom 23.05.2018<\/p><p><strong>Verantwortliche Stelle<br \/><\/strong>Verantwortlich f\u00fcr die Erhebung, Verarbeitung und Nutzung Ihrer Daten ist die<\/p><p><strong>Komische Oper am Rhein<\/strong><br \/>c\/o Pukio<br \/>Flinger Broich 203<br \/>40235 D\u00fcsseldorf<\/p><p>Vertreten durch<br \/>Elsa Garcia<br \/>Tel- 021197716409<br \/>info@komischeoperamrhein.de<\/p>\t\t\t\t\t\t\t\t<\/div>\n\t\t\t\t<\/div>\n\t\t\t\t\t<\/div>\n\t\t<\/div>\n\t\t\t\t\t<\/div>\n\t\t<\/section>\n\t\t\t\t<\/div>","protected":false},"excerpt":{"rendered":"<p>Datenschutzerkl\u00e4rung Wir nehmen den Schutz Ihrer personenbezogenen Daten sehr ernst. Mit diesen Datenschutzbestimmungen informieren wir Sie \u00fcber den Umgang mit Ihren personenbezogenen Daten. AnwendungsbereichDiese Datenschutzerkl\u00e4rung gilt nur f\u00fcr die Nutzung der Webseite www.komischeoperamrhein.de, nachfolgend \u201eWebseite\u201c. Besuchen Sie eine andere Webseite, gelten die Datenschutzbestimmungen des jeweiligen Webseitenbetreibers. Dies gilt auch dann, wenn wir durch einen Link [&hellip;]<\/p>\n","protected":false},"author":1,"featured_media":0,"parent":0,"menu_order":0,"comment_status":"closed","ping_status":"closed","template":"elementor_canvas","meta":{"footnotes":""},"class_list":["post-401","page","type-page","status-publish","hentry"],"_links":{"self":[{"href":"https:\/\/komischeoperamrhein.de\/en\/wp-json\/wp\/v2\/pages\/401","targetHints":{"allow":["GET"]}}],"collection":[{"href":"https:\/\/komischeoperamrhein.de\/en\/wp-json\/wp\/v2\/pages"}],"about":[{"href":"https:\/\/komischeoperamrhein.de\/en\/wp-json\/wp\/v2\/types\/page"}],"author":[{"embeddable":true,"href":"https:\/\/komischeoperamrhein.de\/en\/wp-json\/wp\/v2\/users\/1"}],"replies":[{"embeddable":true,"href":"https:\/\/komischeoperamrhein.de\/en\/wp-json\/wp\/v2\/comments?post=401"}],"version-history":[{"count":13,"href":"https:\/\/komischeoperamrhein.de\/en\/wp-json\/wp\/v2\/pages\/401\/revisions"}],"predecessor-version":[{"id":513,"href":"https:\/\/komischeoperamrhein.de\/en\/wp-json\/wp\/v2\/pages\/401\/revisions\/513"}],"wp:attachment":[{"href":"https:\/\/komischeoperamrhein.de\/en\/wp-json\/wp\/v2\/media?parent=401"}],"curies":[{"name":"wp","href":"https:\/\/api.w.org\/{rel}","templated":true}]}}