{"id":393,"date":"2023-01-11T23:49:42","date_gmt":"2023-01-11T23:49:42","guid":{"rendered":"https:\/\/komischeoperamrhein.de\/?page_id=393"},"modified":"2023-01-14T11:02:49","modified_gmt":"2023-01-14T11:02:49","slug":"impressum","status":"publish","type":"page","link":"https:\/\/komischeoperamrhein.de\/en\/impressum\/","title":{"rendered":"Impressum"},"content":{"rendered":"<div data-elementor-type=\"wp-page\" data-elementor-id=\"393\" class=\"elementor elementor-393\" data-elementor-post-type=\"page\">\n\t\t\t\t\t\t<section class=\"elementor-section elementor-top-section elementor-element elementor-element-70a9d4 elementor-section-boxed elementor-section-height-default elementor-section-height-default\" data-id=\"70a9d4\" data-element_type=\"section\" data-e-type=\"section\" data-settings=\"{&quot;background_background&quot;:&quot;classic&quot;}\">\n\t\t\t\t\t\t<div class=\"elementor-container elementor-column-gap-default\">\n\t\t\t\t\t<div class=\"elementor-column elementor-col-100 elementor-top-column elementor-element elementor-element-3b58aca1 stretch-to-none\" data-id=\"3b58aca1\" data-element_type=\"column\" data-e-type=\"column\">\n\t\t\t<div class=\"elementor-widget-wrap elementor-element-populated\">\n\t\t\t\t\t\t<div class=\"elementor-element elementor-element-519b878e elementor-widget-divider--view-line elementor-widget elementor-widget-divider\" data-id=\"519b878e\" data-element_type=\"widget\" data-e-type=\"widget\" data-widget_type=\"divider.default\">\n\t\t\t\t<div class=\"elementor-widget-container\">\n\t\t\t\t\t\t\t<div class=\"elementor-divider\">\n\t\t\t<span class=\"elementor-divider-separator\">\n\t\t\t\t\t\t<\/span>\n\t\t<\/div>\n\t\t\t\t\t\t<\/div>\n\t\t\t\t<\/div>\n\t\t\t\t<div class=\"title-with-icon elementor-element elementor-element-2ccb5fb5 animated-slow elementor-invisible elementor-widget elementor-widget-heading\" data-id=\"2ccb5fb5\" data-element_type=\"widget\" data-e-type=\"widget\" data-settings=\"{&quot;_animation&quot;:&quot;fadeIn&quot;}\" data-widget_type=\"heading.default\">\n\t\t\t\t<div class=\"elementor-widget-container\">\n\t\t\t\t\t<h1 class=\"elementor-heading-title elementor-size-default elementor-heading-title elementor-align-after-center\">Impressum<\/h1>\t\t\t\t<\/div>\n\t\t\t\t<\/div>\n\t\t\t\t\t<\/div>\n\t\t<\/div>\n\t\t\t\t\t<\/div>\n\t\t<\/section>\n\t\t\t\t<section class=\"elementor-section elementor-top-section elementor-element elementor-element-1cd173a elementor-section-boxed elementor-section-height-default elementor-section-height-default\" data-id=\"1cd173a\" data-element_type=\"section\" data-e-type=\"section\">\n\t\t\t\t\t\t<div class=\"elementor-container elementor-column-gap-default\">\n\t\t\t\t\t<div class=\"elementor-column elementor-col-100 elementor-top-column elementor-element elementor-element-1b95da3 stretch-to-none\" data-id=\"1b95da3\" data-element_type=\"column\" data-e-type=\"column\">\n\t\t\t<div class=\"elementor-widget-wrap elementor-element-populated\">\n\t\t\t\t\t\t<div class=\"elementor-element elementor-element-8f9973e elementor-widget elementor-widget-text-editor\" data-id=\"8f9973e\" data-element_type=\"widget\" data-e-type=\"widget\" data-widget_type=\"text-editor.default\">\n\t\t\t\t<div class=\"elementor-widget-container\">\n\t\t\t\t\t\t\t\t\t<p>Angaben gem\u00e4\u00df \u00a7 5 TMG:<br>Elsa Garc\u00eda<br>c\/o Pukio<br>Flinger Broich 203<br>40235 D\u00fcsseldorf<\/p>\n<p><strong>Haftung f\u00fcr Inhalte<\/strong><br>Die Inhalte dieser Seiten wurden mit gr\u00f6\u00dfter Sorgfalt erstellt. F\u00fcr die Richtigkeit, Vollst\u00e4ndigkeit und Aktualit\u00e4t der Inhalte kann ich jedoch keine Gew\u00e4hr \u00fcbernehmen.<\/p>\n<p><strong>Haftung f\u00fcr Links<\/strong><br>Diese Website enth\u00e4lt Links zu externen Webseiten Dritter, auf deren Inhalte ich keinen Einfluss habe. Deshalb kann ich f\u00fcr diese fremden Inhalte auch keine Gew\u00e4hr \u00fcbernehmen. F\u00fcr die Inhalte der verlinkten Seiten ist stets der jeweilige Anbieter oder Betreiber der Seiten verantwortlich. Bei bekannt werden von Rechtsverletzungen werden wir derartige Links umgehend entfernen.<\/p>\n<p><b>Urheberrecht<\/b><br>Ich bin bem\u00fcht, stets die Urheberrechte anderer zu beachten bzw. auf selbst erstellte sowie lizenzfreie Werke zur\u00fcckzugreifen.<\/p>\n<p>Die Inhalte dieser Website unterliegen dem deutschen Urheberrecht. Beitr\u00e4ge Dritter sind als solche gekennzeichnet. Die Vervielf\u00e4ltigung, Bearbeitung, Verbreitung und jede Art der Verwertung au\u00dferhalb der Grenzen des Urheberrechtes bed\u00fcrfen der schriftlichen Zustimmung des jeweiligen Autors bzw. Erstellers. Downloads und Kopien dieser Seite sind nur f\u00fcr den privaten, nicht kommerziellen Gebrauch gestattet.<\/p>\t\t\t\t\t\t\t\t<\/div>\n\t\t\t\t<\/div>\n\t\t\t\t\t<\/div>\n\t\t<\/div>\n\t\t\t\t\t<\/div>\n\t\t<\/section>\n\t\t\t\t<\/div>","protected":false},"excerpt":{"rendered":"<p>Impressum Angaben gem\u00e4\u00df \u00a7 5 TMG:Elsa Garc\u00edac\/o PukioFlinger Broich 20340235 D\u00fcsseldorf Haftung f\u00fcr InhalteDie Inhalte dieser Seiten wurden mit gr\u00f6\u00dfter Sorgfalt erstellt. F\u00fcr die Richtigkeit, Vollst\u00e4ndigkeit und Aktualit\u00e4t der Inhalte kann ich jedoch keine Gew\u00e4hr \u00fcbernehmen. Haftung f\u00fcr LinksDiese Website enth\u00e4lt Links zu externen Webseiten Dritter, auf deren Inhalte ich keinen Einfluss habe. Deshalb kann [&hellip;]<\/p>\n","protected":false},"author":1,"featured_media":0,"parent":0,"menu_order":0,"comment_status":"closed","ping_status":"closed","template":"elementor_canvas","meta":{"footnotes":""},"class_list":["post-393","page","type-page","status-publish","hentry"],"_links":{"self":[{"href":"https:\/\/komischeoperamrhein.de\/en\/wp-json\/wp\/v2\/pages\/393","targetHints":{"allow":["GET"]}}],"collection":[{"href":"https:\/\/komischeoperamrhein.de\/en\/wp-json\/wp\/v2\/pages"}],"about":[{"href":"https:\/\/komischeoperamrhein.de\/en\/wp-json\/wp\/v2\/types\/page"}],"author":[{"embeddable":true,"href":"https:\/\/komischeoperamrhein.de\/en\/wp-json\/wp\/v2\/users\/1"}],"replies":[{"embeddable":true,"href":"https:\/\/komischeoperamrhein.de\/en\/wp-json\/wp\/v2\/comments?post=393"}],"version-history":[{"count":10,"href":"https:\/\/komischeoperamrhein.de\/en\/wp-json\/wp\/v2\/pages\/393\/revisions"}],"predecessor-version":[{"id":519,"href":"https:\/\/komischeoperamrhein.de\/en\/wp-json\/wp\/v2\/pages\/393\/revisions\/519"}],"wp:attachment":[{"href":"https:\/\/komischeoperamrhein.de\/en\/wp-json\/wp\/v2\/media?parent=393"}],"curies":[{"name":"wp","href":"https:\/\/api.w.org\/{rel}","templated":true}]}}